{"id":4208,"date":"2019-04-18T11:22:59","date_gmt":"2019-04-18T09:22:59","guid":{"rendered":"https:\/\/www.fegasolutions.de\/imprint-and-disclaimer\/"},"modified":"2024-06-14T09:01:06","modified_gmt":"2024-06-14T07:01:06","slug":"imprint","status":"publish","type":"page","link":"https:\/\/www.fegasolutions.de\/en\/imprint\/","title":{"rendered":"Imprint"},"content":{"rendered":"<section class=\"wpb-content-wrapper\"><p>[vc_row][vc_column css_animation=&#8221;none&#8221; css=&#8221;.vc_custom_1596530803237{margin-right: 0px !important;margin-left: 0px !important;padding-right: 0px !important;padding-left: 0px !important;}&#8221;][vc_column_text css=&#8221;.vc_custom_1718345978759{margin-top: 15px !important;}&#8221;]<\/p>\n<h3><strong>Company information:<\/strong><\/h3>\n<p><strong>FEGA Solutions GmbH<\/strong><br \/>\nK\u00f6nigsbr\u00fccker Stra\u00dfe 6<br \/>\n01471 Radeburg<br \/>\nGermany<\/p>\n<p>Commercial Register: HRB 37976<br \/>\nRegistration court: Amtsgericht Dresden<\/p>\n<p><strong>Represented by:<\/strong><br \/>\nGosbert Gast, Ronny Ferl<\/p>\n<p><strong>Contact:<\/strong><br \/>\nPhone: +49 (0) 35208 311000<br \/>\nEmail: <a href=\"mailto:r.ferl@fegasolutions.de\">r.ferl@fegasolutions.de<\/a><\/p>\n<p><b>VAT ID:<\/b><br \/>\nSales tax identification number according to Sect. 27 a of the Sales Tax Law:<br \/>\nDE 319130347<br \/>\nSt.-Nr. 209\/108\/05666<\/p>\n<p><strong>Person responsible for editorial:<\/strong><br \/>\nRonny Ferl<br \/>\nK\u00f6nigsbr\u00fccker Stra\u00dfe 6<br \/>\n01471 Radeburg<br \/>\nGermany<\/p>\n<p><strong>EU dispute resolution<\/strong><br \/>\nThe European Commission provides a platform for online dispute resolution (ODR): <a href=\"https:\/\/ec.europa.eu\/consumers\/odr\/\" target=\"_blank\" rel=\"noopener\">https:\/\/ec.europa.eu\/consumers\/odr\/<\/a>.<br \/>\nOur e-mail address can be found above in the site notice.<\/p>\n<p><strong>Dispute resolution proceedings in front of a consumer arbitration board<\/strong><br \/>\nWe are not willing or obliged to participate in dispute resolution proceedings in front of a consumer arbitration board.<\/p>\n<p><strong>Website producing:<\/strong><br \/>\nAgentur komma, Radeburg, <a href=\"http:\/\/www.agenturkomma.de\/\">www.agenturkomma.de<\/a>[\/vc_column_text][vc_column_text css=&#8221;.vc_custom_1718348462737{margin-top: 15px !important;}&#8221; el_id=&#8221;photo-credits&#8221;]<strong>References for images and graphics used:<\/strong><br \/>\n\u00a9 FEGA Solutions GmbH<br \/>\n\u00a9 White chef in apron standing near the brazier whith coals, only hands. Man cooking beef steak in the interior of modern professional kitchen: goinyk \/ <a href=\"http:\/\/www.bigstockphoto.com\/\">bigstockphoto.com<\/a><br \/>\n\u00a9 Restaurant kitchen interior: bar counter made of natural stone, fences off the open kitchen and hall for visitors with tables and chairs: goinyk \/ <a href=\"http:\/\/www.bigstockphoto.com\/\">bigstockphoto.com<\/a><br \/>\n\u00a9 professional architect designer structural engineer team colleagues working office looking computer discussing building plan design project: snowing \/ <a href=\"http:\/\/www.bigstockphoto.com\/\">bigstockphoto.com<\/a><br \/>\n\u00a9 Computer keyboard with DOWNLOAD button, top view: New Africa \/ <a href=\"http:\/\/www.bigstockphoto.com\/\">bigstockphoto.com<\/a><br \/>\n\u00a9 brushed metal texture background steel rough circular: pcphotos \/ <a href=\"http:\/\/www.bigstockphoto.com\/\">bigstockphoto.com<\/a><br \/>\n\u00a9 Chefs passing ready food to waiter at order station in commercial kitchen: Wavebreak Media Ltd. \/ <a href=\"http:\/\/www.bigstockphoto.com\/\">bigstockphoto.com<\/a><br \/>\n\u00a9 Hand tying laptop computer with password login on screen, cyber security concept: mangpor_2004 \/ <a href=\"http:\/\/www.bigstockphoto.com\/\">bigstockphoto.com<\/a><br \/>\n\u00a9 Professional kitchen in new building: zveiger \/ <a href=\"http:\/\/www.bigstockphoto.com\/\">bigstockphoto.com<\/a><br \/>\n\u00a9 Professional kitchen view counter in stainless steel: suprunvitaly \/ <a href=\"http:\/\/www.bigstockphoto.com\/\">bigstockphoto.com<\/a><br \/>\n\u00a9 Portrait of Caucasian waiter barista taking muffin pastry from shop-window. Person at work place small business concept: Anna Kraynova \/ <a href=\"http:\/\/www.bigstockphoto.com\/\">bigstockphoto.com<\/a><br \/>\n\u00a9 Person&#8217;s Finger With Pen Over Customer Service Satisfaction Survey Form: AndreyPopov \/ <a href=\"http:\/\/www.bigstockphoto.com\/\">bigstockphoto.com<\/a><br \/>\n\u00a9 Modern open plan gray kitchen features dark gray cabinets paired with granite countertops: Artazum LLC \/ <a href=\"http:\/\/www.bigstockphoto.com\/\">bigstockphoto.com<\/a><br \/>\n\u00a9 An abstract background in the form of three-dimensional model of corrugated sheet metal reflecting light: kapley \/ <a href=\"http:\/\/www.bigstockphoto.com\/\">bigstockphoto.com<\/a><br \/>\n\u00a9 Portrait of worker near metalworking machine, industrial steel factory background: cookiestudio \/ <a href=\"http:\/\/www.bigstockphoto.com\/\">bigstockphoto.com<\/a><br \/>\n\u00a9 Male in face mask welds with argon-arc welding: IL21 \/ <a href=\"http:\/\/www.bigstockphoto.com\/\">bigstockphoto.com<\/a><br \/>\n\u00a9 Hand holding piece of blank jigsaw puzzle with word VISION MISSION: mozakim \/ <a href=\"http:\/\/www.bigstockphoto.com\/\">bigstockphoto.com<\/a><br \/>\n\u00a9 Hand of Architect on Computer Tablet: Andy Dean Photography \/ <a href=\"http:\/\/www.bigstockphoto.com\/\">bigstockphoto.com<\/a><br \/>\n\u00a9 Salad selection in a hotel restaurant: BY-_-BY \/ <a href=\"http:\/\/www.bigstockphoto.com\/\">bigstockphoto.com<\/a><br \/>\n\u00a9 Cafeteria woman pay at cashier hold serving tray fresh food: CandyBox Images \/ <a href=\"http:\/\/www.bigstockphoto.com\/\">bigstockphoto.com<\/a><br \/>\n\u00a9 high quality silver metal textures: Andrey_Kuzmin \/ <a href=\"http:\/\/www.bigstockphoto.com\/\">bigstockphoto.com<\/a><br \/>\n\u00a9 abstract shiny blue diamond background: lenta \/ <a href=\"http:\/\/www.bigstockphoto.com\/\">bigstockphoto.com<\/a>[\/vc_column_text][\/vc_column][\/vc_row]<\/p>\n<\/section>","protected":false},"excerpt":{"rendered":"<p>[vc_row][vc_column css_animation=&#8221;none&#8221; css=&#8221;.vc_custom_1596530803237{margin-right: 0px !important;margin-left: 0px !important;padding-right: 0px !important;padding-left: 0px !important;}&#8221;][vc_column_text css=&#8221;.vc_custom_1718345978759{margin-top: 15px !important;}&#8221;] Company information: FEGA Solutions GmbH K\u00f6nigsbr\u00fccker Stra\u00dfe 6 01471 Radeburg Germany Commercial Register: HRB 37976 Registration&#8230;<\/p>\n","protected":false},"author":1,"featured_media":0,"parent":0,"menu_order":0,"comment_status":"closed","ping_status":"closed","template":"","meta":[],"yoast_head":"<!-- This site is optimized with the Yoast SEO plugin v20.3 - https:\/\/yoast.com\/wordpress\/plugins\/seo\/ -->\n<title>Imprint - FEGA Solutions GmbH<\/title>\n<meta name=\"description\" content=\"Here you can find the imprint to the website of FEGA Solutions GmbH.\" \/>\n<meta name=\"robots\" content=\"index, follow, max-snippet:-1, max-image-preview:large, max-video-preview:-1\" \/>\n<link rel=\"canonical\" href=\"https:\/\/www.fegasolutions.de\/en\/imprint\/\" \/>\n<meta property=\"og:locale\" content=\"en_US\" \/>\n<meta property=\"og:type\" content=\"article\" \/>\n<meta property=\"og:title\" content=\"Imprint - FEGA Solutions GmbH\" \/>\n<meta property=\"og:description\" content=\"Here you can find the imprint to the website of FEGA Solutions GmbH.\" \/>\n<meta property=\"og:url\" content=\"https:\/\/www.fegasolutions.de\/en\/imprint\/\" \/>\n<meta property=\"og:site_name\" content=\"FEGA Solutions GmbH\" \/>\n<meta property=\"article:modified_time\" content=\"2024-06-14T07:01:06+00:00\" \/>\n<meta name=\"twitter:card\" content=\"summary_large_image\" \/>\n<meta name=\"twitter:label1\" content=\"Est. reading time\" \/>\n\t<meta name=\"twitter:data1\" content=\"3 minutes\" \/>\n<script type=\"application\/ld+json\" class=\"yoast-schema-graph\">{\"@context\":\"https:\/\/schema.org\",\"@graph\":[{\"@type\":\"WebPage\",\"@id\":\"https:\/\/www.fegasolutions.de\/en\/imprint\/\",\"url\":\"https:\/\/www.fegasolutions.de\/en\/imprint\/\",\"name\":\"Imprint - FEGA Solutions GmbH\",\"isPartOf\":{\"@id\":\"https:\/\/www.fegasolutions.de\/#website\"},\"datePublished\":\"2019-04-18T09:22:59+00:00\",\"dateModified\":\"2024-06-14T07:01:06+00:00\",\"description\":\"Here you can find the imprint to the website of FEGA Solutions GmbH.\",\"breadcrumb\":{\"@id\":\"https:\/\/www.fegasolutions.de\/en\/imprint\/#breadcrumb\"},\"inLanguage\":\"en-US\",\"potentialAction\":[{\"@type\":\"ReadAction\",\"target\":[\"https:\/\/www.fegasolutions.de\/en\/imprint\/\"]}]},{\"@type\":\"BreadcrumbList\",\"@id\":\"https:\/\/www.fegasolutions.de\/en\/imprint\/#breadcrumb\",\"itemListElement\":[{\"@type\":\"ListItem\",\"position\":1,\"name\":\"Startseite\",\"item\":\"https:\/\/www.fegasolutions.de\/en\/\"},{\"@type\":\"ListItem\",\"position\":2,\"name\":\"Imprint\"}]},{\"@type\":\"WebSite\",\"@id\":\"https:\/\/www.fegasolutions.de\/#website\",\"url\":\"https:\/\/www.fegasolutions.de\/\",\"name\":\"FEGA Solutions GmbH\",\"description\":\"L\u00f6sungen aus Edelstahl\",\"potentialAction\":[{\"@type\":\"SearchAction\",\"target\":{\"@type\":\"EntryPoint\",\"urlTemplate\":\"https:\/\/www.fegasolutions.de\/?s={search_term_string}\"},\"query-input\":\"required name=search_term_string\"}],\"inLanguage\":\"en-US\"}]}<\/script>\n<!-- \/ Yoast SEO plugin. -->","yoast_head_json":{"title":"Imprint - FEGA Solutions GmbH","description":"Here you can find the imprint to the website of FEGA Solutions GmbH.","robots":{"index":"index","follow":"follow","max-snippet":"max-snippet:-1","max-image-preview":"max-image-preview:large","max-video-preview":"max-video-preview:-1"},"canonical":"https:\/\/www.fegasolutions.de\/en\/imprint\/","og_locale":"en_US","og_type":"article","og_title":"Imprint - FEGA Solutions GmbH","og_description":"Here you can find the imprint to the website of FEGA Solutions GmbH.","og_url":"https:\/\/www.fegasolutions.de\/en\/imprint\/","og_site_name":"FEGA Solutions GmbH","article_modified_time":"2024-06-14T07:01:06+00:00","twitter_card":"summary_large_image","twitter_misc":{"Est. reading time":"3 minutes"},"schema":{"@context":"https:\/\/schema.org","@graph":[{"@type":"WebPage","@id":"https:\/\/www.fegasolutions.de\/en\/imprint\/","url":"https:\/\/www.fegasolutions.de\/en\/imprint\/","name":"Imprint - FEGA Solutions GmbH","isPartOf":{"@id":"https:\/\/www.fegasolutions.de\/#website"},"datePublished":"2019-04-18T09:22:59+00:00","dateModified":"2024-06-14T07:01:06+00:00","description":"Here you can find the imprint to the website of FEGA Solutions GmbH.","breadcrumb":{"@id":"https:\/\/www.fegasolutions.de\/en\/imprint\/#breadcrumb"},"inLanguage":"en-US","potentialAction":[{"@type":"ReadAction","target":["https:\/\/www.fegasolutions.de\/en\/imprint\/"]}]},{"@type":"BreadcrumbList","@id":"https:\/\/www.fegasolutions.de\/en\/imprint\/#breadcrumb","itemListElement":[{"@type":"ListItem","position":1,"name":"Startseite","item":"https:\/\/www.fegasolutions.de\/en\/"},{"@type":"ListItem","position":2,"name":"Imprint"}]},{"@type":"WebSite","@id":"https:\/\/www.fegasolutions.de\/#website","url":"https:\/\/www.fegasolutions.de\/","name":"FEGA Solutions GmbH","description":"L\u00f6sungen aus Edelstahl","potentialAction":[{"@type":"SearchAction","target":{"@type":"EntryPoint","urlTemplate":"https:\/\/www.fegasolutions.de\/?s={search_term_string}"},"query-input":"required name=search_term_string"}],"inLanguage":"en-US"}]}},"_links":{"self":[{"href":"https:\/\/www.fegasolutions.de\/en\/wp-json\/wp\/v2\/pages\/4208"}],"collection":[{"href":"https:\/\/www.fegasolutions.de\/en\/wp-json\/wp\/v2\/pages"}],"about":[{"href":"https:\/\/www.fegasolutions.de\/en\/wp-json\/wp\/v2\/types\/page"}],"author":[{"embeddable":true,"href":"https:\/\/www.fegasolutions.de\/en\/wp-json\/wp\/v2\/users\/1"}],"replies":[{"embeddable":true,"href":"https:\/\/www.fegasolutions.de\/en\/wp-json\/wp\/v2\/comments?post=4208"}],"version-history":[{"count":18,"href":"https:\/\/www.fegasolutions.de\/en\/wp-json\/wp\/v2\/pages\/4208\/revisions"}],"predecessor-version":[{"id":6219,"href":"https:\/\/www.fegasolutions.de\/en\/wp-json\/wp\/v2\/pages\/4208\/revisions\/6219"}],"wp:attachment":[{"href":"https:\/\/www.fegasolutions.de\/en\/wp-json\/wp\/v2\/media?parent=4208"}],"curies":[{"name":"wp","href":"https:\/\/api.w.org\/{rel}","templated":true}]}}