{"id":4219,"date":"2019-04-18T12:03:06","date_gmt":"2019-04-18T10:03:06","guid":{"rendered":"https:\/\/www.fegasolutions.de\/contact\/"},"modified":"2025-04-01T10:44:23","modified_gmt":"2025-04-01T08:44:23","slug":"contact","status":"publish","type":"page","link":"https:\/\/www.fegasolutions.de\/en\/contact\/","title":{"rendered":"Contact"},"content":{"rendered":"<section class=\"wpb-content-wrapper\"><p>[vc_row][vc_column css_animation=&#8221;none&#8221; width=&#8221;1\/2&#8243;]<div class=\"mgt-header-block clearfix text-left text-black wpb_content_element  mgt-header-block-style-1 mgt-header-texttransform-subheader  vc_custom_1555581831191\"><h3 class=\"mgt-header-block-title\">Contact informations<\/h3><div class=\"mgt-header-line\"><\/div><\/div><div class=\"mgt-icon-box wpb_content_element mgt-icon-box-right mgt-icon-fa text-black \"><div class=\"mgt-icon-box-icon\"><div class=\"mgt-font-icon\"><i class=\"fa fa-map\"><\/i><\/div><\/div><div class=\"mgt-icon-box-content\"><h5>Address<\/h5>K\u00f6nigsbr\u00fccker Stra\u00dfe 6,<br \/>\nD-01471 Radeburg<\/div><div class=\"clearfix\"><\/div><\/div><div class=\"mgt-icon-box wpb_content_element mgt-icon-box-right mgt-icon-fa text-black \"><div class=\"mgt-icon-box-icon\"><div class=\"mgt-font-icon\"><i class=\"fa fa-phone\"><\/i><\/div><\/div><div class=\"mgt-icon-box-content\"><h5>Phone<\/h5><a href=\"tel:+4935208311000\">+49 35208 311000<\/a><\/div><div class=\"clearfix\"><\/div><\/div>[vc_empty_space height=&#8221;15px&#8221;][\/vc_column][vc_column css_animation=&#8221;none&#8221; width=&#8221;1\/2&#8243; el_id=&#8221;anfrage&#8221;]<div class=\"mgt-header-block clearfix text-left text-black wpb_content_element  mgt-header-block-style-1 mgt-header-texttransform-subheader  vc_custom_1633414967098\"><h3 class=\"mgt-header-block-title\">Contact persons<\/h3><div class=\"mgt-header-line\"><\/div><\/div>[vc_row_inner][vc_column_inner width=&#8221;1\/2&#8243;][vc_column_text]<\/p>\n<h3 style=\"font-size: 18px;\"><strong>Ronny Ferl<\/strong><\/h3>\n<p><span style=\"color: #808080;\">CEO<\/span><\/p>\n<p><span style=\"color: #828282;\">Phone: +49 35208 311000<\/span><br \/>\n<span style=\"color: #828282;\">Mobile: +49 162 6582677<\/span><br \/>\n<span style=\"color: #828282;\">Email:<\/span> <a href=\"mailto:r.ferl@fegasolutions.de\">r.ferl@fegasolutions.de<\/a>[\/vc_column_text][\/vc_column_inner][vc_column_inner width=&#8221;1\/2&#8243;][vc_column_text]<\/p>\n<h3 style=\"font-size: 18px;\"><strong>Gosbert Gast<\/strong><\/h3>\n<p><span style=\"color: #808080;\">CEO<\/span><\/p>\n<p><span style=\"color: #828282;\">Phone: +49 35208 311000<\/span><br \/>\n<span style=\"color: #828282;\">Mobile: +49 173 7591111<\/span><br \/>\n<span style=\"color: #828282;\">Email:<\/span> <a href=\"mailto:g.gast@fegasolutions.de\">g.gast@fegasolutions.de<\/a>[\/vc_column_text][\/vc_column_inner][\/vc_row_inner][vc_row_inner][vc_column_inner width=&#8221;1\/2&#8243;][vc_column_text]<\/p>\n<h3 style=\"font-size: 18px;\"><strong>Stan Pieper<\/strong><\/h3>\n<p><span style=\"color: #808080;\">Head of external Sales<\/span><\/p>\n<p><span style=\"color: #828282;\">Phone: +49 35975 842136 (work\/home office)<br \/>\nMobile: +49 174 9045792<\/span><br \/>\n<span style=\"color: #828282;\">Email:<\/span> <a href=\"mailto:stan.pieper@fegasolutions.de\">stan.pieper@fegasolutions.de<\/a>[\/vc_column_text][\/vc_column_inner][vc_column_inner width=&#8221;1\/2&#8243;][vc_column_text]<\/p>\n<h3 style=\"font-size: 18px;\"><strong>Christoph H\u00e4nschen<\/strong><\/h3>\n<p><span style=\"color: #808080;\">Head of Internal Sales<\/span><\/p>\n<p><span style=\"color: #828282;\">Telefon: +49 35208 311000<br \/>\nMobil: +49 162 4950172<\/span><br \/>\n<span style=\"color: #828282;\">E-Mail:<\/span> <a href=\"mailto:c.haenschen@fegasolutions.de\">c.haenschen@fegasolutions.de<\/a>[\/vc_column_text][\/vc_column_inner][\/vc_row_inner][vc_row_inner][vc_column_inner width=&#8221;1\/2&#8243;][vc_column_text]<\/p>\n<h3 style=\"font-size: 18px;\"><strong>Udo Jaeger<\/strong><\/h3>\n<p><span style=\"color: #808080;\">Head of Sales<\/span><\/p>\n<p><span style=\"color: #828282;\">Mobile: +49 172 7700730<\/span><br \/>\n<span style=\"color: #828282;\">Email:<\/span> <a href=\"mailto:u.jaeger@fegasolutions.de\">u.jaeger@fegasolutions.de<\/a>[\/vc_column_text][\/vc_column_inner][vc_column_inner width=&#8221;1\/2&#8243;][vc_column_text]<\/p>\n<h3 style=\"font-size: 18px;\"><strong>Cornell B\u00e4r<\/strong><\/h3>\n<p><span style=\"color: #808080;\">Head of Construction<\/span><\/p>\n<p><span style=\"color: #828282;\">Phone: +49 35208 981339<\/span><br \/>\n<span style=\"color: #828282;\">Email:<\/span> <a href=\"mailto:c.baer@fegasolutions.de\">c.baer@fegasolutions.de<\/a>[\/vc_column_text][\/vc_column_inner][\/vc_row_inner][vc_row_inner][vc_column_inner width=&#8221;1\/2&#8243;][vc_column_text]<\/p>\n<h3 style=\"font-size: 18px;\"><strong>Gundula Rothe<\/strong><\/h3>\n<p><span style=\"color: #808080;\">Accounting<\/span><\/p>\n<p><span style=\"color: #828282;\">Phone: +49 35208 311007<\/span><br \/>\n<span style=\"color: #828282;\">Email: <a href=\"mailto:g.rothe@fegasolutions.de\">g.rothe@fegasolutions.de<\/a><br \/>\nEmail for invoices: <a href=\"mailto:rechnung@fegasolutions.de\">rechnung@fegasolutions.de<\/a> (Please only use this e-mail address for invoices.)<\/span>[\/vc_column_text][\/vc_column_inner][vc_column_inner width=&#8221;1\/2&#8243;][\/vc_column_inner][\/vc_row_inner][\/vc_column][\/vc_row]<\/p>\n<\/section>","protected":false},"excerpt":{"rendered":"<p>[vc_row][vc_column css_animation=&#8221;none&#8221; width=&#8221;1\/2&#8243;][vc_empty_space height=&#8221;15px&#8221;][\/vc_column][vc_column css_animation=&#8221;none&#8221; width=&#8221;1\/2&#8243; el_id=&#8221;anfrage&#8221;][vc_row_inner][vc_column_inner width=&#8221;1\/2&#8243;][vc_column_text] Ronny Ferl CEO Phone: +49 35208 311000 Mobile: +49 162 6582677 Email: r.ferl@fegasolutions.de[\/vc_column_text][\/vc_column_inner][vc_column_inner width=&#8221;1\/2&#8243;][vc_column_text] Gosbert Gast CEO Phone: +49 35208 311000 Mobile:&#8230;<\/p>\n","protected":false},"author":1,"featured_media":0,"parent":0,"menu_order":0,"comment_status":"closed","ping_status":"closed","template":"","meta":[],"yoast_head":"<!-- This site is optimized with the Yoast SEO plugin v20.3 - https:\/\/yoast.com\/wordpress\/plugins\/seo\/ -->\n<title>Contact - FEGA Solutions GmbH - Contact persons and data<\/title>\n<meta name=\"description\" content=\"Here you will find all the necessary contact information and the appropriate contact person of FEGA Solutions GmbH.\" \/>\n<meta name=\"robots\" content=\"index, follow, max-snippet:-1, max-image-preview:large, max-video-preview:-1\" \/>\n<link rel=\"canonical\" href=\"https:\/\/www.fegasolutions.de\/en\/contact\/\" \/>\n<meta property=\"og:locale\" content=\"en_US\" \/>\n<meta property=\"og:type\" content=\"article\" \/>\n<meta property=\"og:title\" content=\"Contact - FEGA Solutions GmbH - Contact persons and data\" \/>\n<meta property=\"og:description\" content=\"Here you will find all the necessary contact information and the appropriate contact person of FEGA Solutions GmbH.\" \/>\n<meta property=\"og:url\" content=\"https:\/\/www.fegasolutions.de\/en\/contact\/\" \/>\n<meta property=\"og:site_name\" content=\"FEGA Solutions GmbH\" \/>\n<meta property=\"article:modified_time\" content=\"2025-04-01T08:44:23+00:00\" \/>\n<meta name=\"twitter:card\" content=\"summary_large_image\" \/>\n<meta name=\"twitter:label1\" content=\"Est. reading time\" \/>\n\t<meta name=\"twitter:data1\" content=\"1 minute\" \/>\n<script type=\"application\/ld+json\" class=\"yoast-schema-graph\">{\"@context\":\"https:\/\/schema.org\",\"@graph\":[{\"@type\":\"WebPage\",\"@id\":\"https:\/\/www.fegasolutions.de\/en\/contact\/\",\"url\":\"https:\/\/www.fegasolutions.de\/en\/contact\/\",\"name\":\"Contact - FEGA Solutions GmbH - Contact persons and data\",\"isPartOf\":{\"@id\":\"https:\/\/www.fegasolutions.de\/#website\"},\"datePublished\":\"2019-04-18T10:03:06+00:00\",\"dateModified\":\"2025-04-01T08:44:23+00:00\",\"description\":\"Here you will find all the necessary contact information and the appropriate contact person of FEGA Solutions GmbH.\",\"breadcrumb\":{\"@id\":\"https:\/\/www.fegasolutions.de\/en\/contact\/#breadcrumb\"},\"inLanguage\":\"en-US\",\"potentialAction\":[{\"@type\":\"ReadAction\",\"target\":[\"https:\/\/www.fegasolutions.de\/en\/contact\/\"]}]},{\"@type\":\"BreadcrumbList\",\"@id\":\"https:\/\/www.fegasolutions.de\/en\/contact\/#breadcrumb\",\"itemListElement\":[{\"@type\":\"ListItem\",\"position\":1,\"name\":\"Startseite\",\"item\":\"https:\/\/www.fegasolutions.de\/en\/\"},{\"@type\":\"ListItem\",\"position\":2,\"name\":\"Contact\"}]},{\"@type\":\"WebSite\",\"@id\":\"https:\/\/www.fegasolutions.de\/#website\",\"url\":\"https:\/\/www.fegasolutions.de\/\",\"name\":\"FEGA Solutions GmbH\",\"description\":\"L\u00f6sungen aus Edelstahl\",\"potentialAction\":[{\"@type\":\"SearchAction\",\"target\":{\"@type\":\"EntryPoint\",\"urlTemplate\":\"https:\/\/www.fegasolutions.de\/?s={search_term_string}\"},\"query-input\":\"required name=search_term_string\"}],\"inLanguage\":\"en-US\"}]}<\/script>\n<!-- \/ Yoast SEO plugin. -->","yoast_head_json":{"title":"Contact - FEGA Solutions GmbH - Contact persons and data","description":"Here you will find all the necessary contact information and the appropriate contact person of FEGA Solutions GmbH.","robots":{"index":"index","follow":"follow","max-snippet":"max-snippet:-1","max-image-preview":"max-image-preview:large","max-video-preview":"max-video-preview:-1"},"canonical":"https:\/\/www.fegasolutions.de\/en\/contact\/","og_locale":"en_US","og_type":"article","og_title":"Contact - FEGA Solutions GmbH - Contact persons and data","og_description":"Here you will find all the necessary contact information and the appropriate contact person of FEGA Solutions GmbH.","og_url":"https:\/\/www.fegasolutions.de\/en\/contact\/","og_site_name":"FEGA Solutions GmbH","article_modified_time":"2025-04-01T08:44:23+00:00","twitter_card":"summary_large_image","twitter_misc":{"Est. reading time":"1 minute"},"schema":{"@context":"https:\/\/schema.org","@graph":[{"@type":"WebPage","@id":"https:\/\/www.fegasolutions.de\/en\/contact\/","url":"https:\/\/www.fegasolutions.de\/en\/contact\/","name":"Contact - FEGA Solutions GmbH - Contact persons and data","isPartOf":{"@id":"https:\/\/www.fegasolutions.de\/#website"},"datePublished":"2019-04-18T10:03:06+00:00","dateModified":"2025-04-01T08:44:23+00:00","description":"Here you will find all the necessary contact information and the appropriate contact person of FEGA Solutions GmbH.","breadcrumb":{"@id":"https:\/\/www.fegasolutions.de\/en\/contact\/#breadcrumb"},"inLanguage":"en-US","potentialAction":[{"@type":"ReadAction","target":["https:\/\/www.fegasolutions.de\/en\/contact\/"]}]},{"@type":"BreadcrumbList","@id":"https:\/\/www.fegasolutions.de\/en\/contact\/#breadcrumb","itemListElement":[{"@type":"ListItem","position":1,"name":"Startseite","item":"https:\/\/www.fegasolutions.de\/en\/"},{"@type":"ListItem","position":2,"name":"Contact"}]},{"@type":"WebSite","@id":"https:\/\/www.fegasolutions.de\/#website","url":"https:\/\/www.fegasolutions.de\/","name":"FEGA Solutions GmbH","description":"L\u00f6sungen aus Edelstahl","potentialAction":[{"@type":"SearchAction","target":{"@type":"EntryPoint","urlTemplate":"https:\/\/www.fegasolutions.de\/?s={search_term_string}"},"query-input":"required name=search_term_string"}],"inLanguage":"en-US"}]}},"_links":{"self":[{"href":"https:\/\/www.fegasolutions.de\/en\/wp-json\/wp\/v2\/pages\/4219"}],"collection":[{"href":"https:\/\/www.fegasolutions.de\/en\/wp-json\/wp\/v2\/pages"}],"about":[{"href":"https:\/\/www.fegasolutions.de\/en\/wp-json\/wp\/v2\/types\/page"}],"author":[{"embeddable":true,"href":"https:\/\/www.fegasolutions.de\/en\/wp-json\/wp\/v2\/users\/1"}],"replies":[{"embeddable":true,"href":"https:\/\/www.fegasolutions.de\/en\/wp-json\/wp\/v2\/comments?post=4219"}],"version-history":[{"count":19,"href":"https:\/\/www.fegasolutions.de\/en\/wp-json\/wp\/v2\/pages\/4219\/revisions"}],"predecessor-version":[{"id":6330,"href":"https:\/\/www.fegasolutions.de\/en\/wp-json\/wp\/v2\/pages\/4219\/revisions\/6330"}],"wp:attachment":[{"href":"https:\/\/www.fegasolutions.de\/en\/wp-json\/wp\/v2\/media?parent=4219"}],"curies":[{"name":"wp","href":"https:\/\/api.w.org\/{rel}","templated":true}]}}